{"id":25912,"date":"2024-02-27T18:05:26","date_gmt":"2024-02-27T17:05:26","guid":{"rendered":"https:\/\/creativasgalegas.gal\/producto\/camiseta-electric-sheep-comedy-club\/"},"modified":"2024-02-27T18:05:26","modified_gmt":"2024-02-27T17:05:26","slug":"camiseta-electric-sheep-comedy-club","status":"publish","type":"product","link":"https:\/\/creativasgalegas.gal\/es\/producto\/camiseta-electric-sheep-comedy-club\/","title":{"rendered":"Camiseta Electric Sheep Comedy Club"},"content":{"rendered":"<p>Ilustraci\u00f3n de Marcos Garc\u00eda<\/p>\n<p>Marca: Paripepop<\/p>\n<p>Ilustraci\u00f3n y serigraf\u00eda artesanal hechas en Galicia.<\/p>\n<p>He o\u00eddo cosas que ustedes no creer\u00edan. He o\u00eddo a la gente re\u00edr en la oscuridad cerca de la Puerta Tannh\u00e4user. Todas esas risas se perder\u00e1n como l\u00e1grimas bajo la lluvia. Es hora de estallar.   <\/p>\n","protected":false},"excerpt":{"rendered":"<p>Camiseta 100% algod\u00f3n.<\/p>\n","protected":false},"featured_media":24480,"template":"","meta":{"inline_featured_image":false},"pwb-brand":[387],"product_cat":[580,577],"product_tag":[],"class_list":{"0":"post-25912","1":"product","2":"type-product","3":"status-publish","4":"has-post-thumbnail","6":"pwb-brand-paripepop","7":"product_cat-camisetas-y-tops","8":"product_cat-textil","9":"sales-flash-overlay","10":"woocommerce-text-align-center","11":"woocommerce-image-align-center","12":"do-quantity-buttons","13":"wc-has-gallery","15":"first","16":"instock","17":"taxable","18":"shipping-taxable","19":"purchasable","20":"product-type-variable"},"acf":[],"yoast_head":"<!-- This site is optimized with the Yoast SEO plugin v22.1 - https:\/\/yoast.com\/wordpress\/plugins\/seo\/ -->\n<title>Camiseta Electric Sheep Comedy Club - Creativas Galegas<\/title>\n<meta name=\"robots\" content=\"index, follow, max-snippet:-1, max-image-preview:large, max-video-preview:-1\" \/>\n<link rel=\"canonical\" href=\"https:\/\/creativasgalegas.gal\/es\/producto\/camiseta-electric-sheep-comedy-club\/\" \/>\n<meta property=\"og:locale\" content=\"es_ES\" \/>\n<meta property=\"og:type\" content=\"article\" \/>\n<meta property=\"og:title\" content=\"Camiseta Electric Sheep Comedy Club - Creativas Galegas\" \/>\n<meta property=\"og:description\" content=\"Camiseta 100% algod\u00f3n.\" \/>\n<meta property=\"og:url\" content=\"https:\/\/creativasgalegas.gal\/es\/producto\/camiseta-electric-sheep-comedy-club\/\" \/>\n<meta property=\"og:site_name\" content=\"Creativas Galegas\" \/>\n<meta property=\"og:image\" content=\"https:\/\/creativasgalegas.gal\/wp-content\/uploads\/2024\/02\/10048F01CESCC-1.jpg\" \/>\n\t<meta property=\"og:image:width\" content=\"1080\" \/>\n\t<meta property=\"og:image:height\" content=\"1400\" \/>\n\t<meta property=\"og:image:type\" content=\"image\/jpeg\" \/>\n<meta name=\"twitter:card\" content=\"summary_large_image\" \/>\n<script type=\"application\/ld+json\" class=\"yoast-schema-graph\">{\"@context\":\"https:\/\/schema.org\",\"@graph\":[{\"@type\":\"WebPage\",\"@id\":\"https:\/\/creativasgalegas.gal\/es\/producto\/camiseta-electric-sheep-comedy-club\/\",\"url\":\"https:\/\/creativasgalegas.gal\/es\/producto\/camiseta-electric-sheep-comedy-club\/\",\"name\":\"Camiseta Electric Sheep Comedy Club - Creativas Galegas\",\"isPartOf\":{\"@id\":\"https:\/\/creativasgalegas.gal\/es\/#website\"},\"datePublished\":\"2024-02-27T17:05:26+00:00\",\"dateModified\":\"2024-02-27T17:05:26+00:00\",\"breadcrumb\":{\"@id\":\"https:\/\/creativasgalegas.gal\/es\/producto\/camiseta-electric-sheep-comedy-club\/#breadcrumb\"},\"inLanguage\":\"es\",\"potentialAction\":[{\"@type\":\"ReadAction\",\"target\":[\"https:\/\/creativasgalegas.gal\/es\/producto\/camiseta-electric-sheep-comedy-club\/\"]}]},{\"@type\":\"BreadcrumbList\",\"@id\":\"https:\/\/creativasgalegas.gal\/es\/producto\/camiseta-electric-sheep-comedy-club\/#breadcrumb\",\"itemListElement\":[{\"@type\":\"ListItem\",\"position\":1,\"name\":\"Portada\",\"item\":\"https:\/\/creativasgalegas.gal\/es\/\"},{\"@type\":\"ListItem\",\"position\":2,\"name\":\"Tienda\",\"item\":\"https:\/\/creativasgalegas.gal\/es\/tienda\/\"},{\"@type\":\"ListItem\",\"position\":3,\"name\":\"Camiseta Electric Sheep Comedy Club\"}]},{\"@type\":\"WebSite\",\"@id\":\"https:\/\/creativasgalegas.gal\/es\/#website\",\"url\":\"https:\/\/creativasgalegas.gal\/es\/\",\"name\":\"Creativas Galegas\",\"description\":\"Asociaci\u00f3n de creativas e artes\u00e1ns | Mercado da creatividade\",\"publisher\":{\"@id\":\"https:\/\/creativasgalegas.gal\/es\/#organization\"},\"potentialAction\":[{\"@type\":\"SearchAction\",\"target\":{\"@type\":\"EntryPoint\",\"urlTemplate\":\"https:\/\/creativasgalegas.gal\/es\/?s={search_term_string}\"},\"query-input\":\"required name=search_term_string\"}],\"inLanguage\":\"es\"},{\"@type\":\"Organization\",\"@id\":\"https:\/\/creativasgalegas.gal\/es\/#organization\",\"name\":\"Creativas Galegas\",\"url\":\"https:\/\/creativasgalegas.gal\/es\/\",\"logo\":{\"@type\":\"ImageObject\",\"inLanguage\":\"es\",\"@id\":\"https:\/\/creativasgalegas.gal\/es\/#\/schema\/logo\/image\/\",\"url\":\"https:\/\/creativasgalegas.gal\/wp-content\/uploads\/2023\/12\/Creativas_Galegas_Logotipo_hor_esl_Positivo.svg\",\"contentUrl\":\"https:\/\/creativasgalegas.gal\/wp-content\/uploads\/2023\/12\/Creativas_Galegas_Logotipo_hor_esl_Positivo.svg\",\"caption\":\"Creativas Galegas\"},\"image\":{\"@id\":\"https:\/\/creativasgalegas.gal\/es\/#\/schema\/logo\/image\/\"}}]}<\/script>\n<!-- \/ Yoast SEO plugin. -->","yoast_head_json":{"title":"Camiseta Electric Sheep Comedy Club - Creativas Galegas","robots":{"index":"index","follow":"follow","max-snippet":"max-snippet:-1","max-image-preview":"max-image-preview:large","max-video-preview":"max-video-preview:-1"},"canonical":"https:\/\/creativasgalegas.gal\/es\/producto\/camiseta-electric-sheep-comedy-club\/","og_locale":"es_ES","og_type":"article","og_title":"Camiseta Electric Sheep Comedy Club - Creativas Galegas","og_description":"Camiseta 100% algod\u00f3n.","og_url":"https:\/\/creativasgalegas.gal\/es\/producto\/camiseta-electric-sheep-comedy-club\/","og_site_name":"Creativas Galegas","og_image":[{"width":1080,"height":1400,"url":"https:\/\/creativasgalegas.gal\/wp-content\/uploads\/2024\/02\/10048F01CESCC-1.jpg","type":"image\/jpeg"}],"twitter_card":"summary_large_image","schema":{"@context":"https:\/\/schema.org","@graph":[{"@type":"WebPage","@id":"https:\/\/creativasgalegas.gal\/es\/producto\/camiseta-electric-sheep-comedy-club\/","url":"https:\/\/creativasgalegas.gal\/es\/producto\/camiseta-electric-sheep-comedy-club\/","name":"Camiseta Electric Sheep Comedy Club - Creativas Galegas","isPartOf":{"@id":"https:\/\/creativasgalegas.gal\/es\/#website"},"datePublished":"2024-02-27T17:05:26+00:00","dateModified":"2024-02-27T17:05:26+00:00","breadcrumb":{"@id":"https:\/\/creativasgalegas.gal\/es\/producto\/camiseta-electric-sheep-comedy-club\/#breadcrumb"},"inLanguage":"es","potentialAction":[{"@type":"ReadAction","target":["https:\/\/creativasgalegas.gal\/es\/producto\/camiseta-electric-sheep-comedy-club\/"]}]},{"@type":"BreadcrumbList","@id":"https:\/\/creativasgalegas.gal\/es\/producto\/camiseta-electric-sheep-comedy-club\/#breadcrumb","itemListElement":[{"@type":"ListItem","position":1,"name":"Portada","item":"https:\/\/creativasgalegas.gal\/es\/"},{"@type":"ListItem","position":2,"name":"Tienda","item":"https:\/\/creativasgalegas.gal\/es\/tienda\/"},{"@type":"ListItem","position":3,"name":"Camiseta Electric Sheep Comedy Club"}]},{"@type":"WebSite","@id":"https:\/\/creativasgalegas.gal\/es\/#website","url":"https:\/\/creativasgalegas.gal\/es\/","name":"Creativas Galegas","description":"Asociaci\u00f3n de creativas e artes\u00e1ns | Mercado da creatividade","publisher":{"@id":"https:\/\/creativasgalegas.gal\/es\/#organization"},"potentialAction":[{"@type":"SearchAction","target":{"@type":"EntryPoint","urlTemplate":"https:\/\/creativasgalegas.gal\/es\/?s={search_term_string}"},"query-input":"required name=search_term_string"}],"inLanguage":"es"},{"@type":"Organization","@id":"https:\/\/creativasgalegas.gal\/es\/#organization","name":"Creativas Galegas","url":"https:\/\/creativasgalegas.gal\/es\/","logo":{"@type":"ImageObject","inLanguage":"es","@id":"https:\/\/creativasgalegas.gal\/es\/#\/schema\/logo\/image\/","url":"https:\/\/creativasgalegas.gal\/wp-content\/uploads\/2023\/12\/Creativas_Galegas_Logotipo_hor_esl_Positivo.svg","contentUrl":"https:\/\/creativasgalegas.gal\/wp-content\/uploads\/2023\/12\/Creativas_Galegas_Logotipo_hor_esl_Positivo.svg","caption":"Creativas Galegas"},"image":{"@id":"https:\/\/creativasgalegas.gal\/es\/#\/schema\/logo\/image\/"}}]}},"brands":[{"id":387,"name":"Paripepop","slug":"paripepop"}],"_links":{"self":[{"href":"https:\/\/creativasgalegas.gal\/es\/wp-json\/wp\/v2\/product\/25912","targetHints":{"allow":["GET"]}}],"collection":[{"href":"https:\/\/creativasgalegas.gal\/es\/wp-json\/wp\/v2\/product"}],"about":[{"href":"https:\/\/creativasgalegas.gal\/es\/wp-json\/wp\/v2\/types\/product"}],"wp:featuredmedia":[{"embeddable":true,"href":"https:\/\/creativasgalegas.gal\/es\/wp-json\/wp\/v2\/media\/24480"}],"wp:attachment":[{"href":"https:\/\/creativasgalegas.gal\/es\/wp-json\/wp\/v2\/media?parent=25912"}],"wp:term":[{"taxonomy":"pwb-brand","embeddable":true,"href":"https:\/\/creativasgalegas.gal\/es\/wp-json\/wp\/v2\/pwb-brand?post=25912"},{"taxonomy":"product_cat","embeddable":true,"href":"https:\/\/creativasgalegas.gal\/es\/wp-json\/wp\/v2\/product_cat?post=25912"},{"taxonomy":"product_tag","embeddable":true,"href":"https:\/\/creativasgalegas.gal\/es\/wp-json\/wp\/v2\/product_tag?post=25912"}],"curies":[{"name":"wp","href":"https:\/\/api.w.org\/{rel}","templated":true}]}}