{"id":25883,"date":"2024-02-28T11:21:39","date_gmt":"2024-02-28T10:21:39","guid":{"rendered":"https:\/\/creativasgalegas.gal\/producto\/crema-hidratante\/"},"modified":"2024-02-28T11:21:39","modified_gmt":"2024-02-28T10:21:39","slug":"crema-hidratante","status":"publish","type":"product","link":"https:\/\/creativasgalegas.gal\/es\/producto\/crema-hidratante\/","title":{"rendered":"Crema Hidratante"},"content":{"rendered":"<p>Crema hidratante especialmente formulada para la infancia, ideal para todo tipo de pieles incluso las m\u00e1s sensibles y exigentes. Apta desde el primer d\u00eda para beb\u00e9s, ni\u00f1os y personas adultas. <\/p>\n<p>Hidratante, protectora, emoliente, antioxidante y calmante. Potencia el efecto barrera de la piel y brinda alivio y protecci\u00f3n en pieles irritadas, enrojecidas o con picor. <\/p>\n<p>Su secreto est\u00e1 en su delicada f\u00f3rmula con todos sus ingredientes naturales, sostenibles y de origen vegetal. Es especialmente eficaz tratando y aliviando las pieles m\u00e1s problem\u00e1ticas, \u00a1imagina sus resultados sobre la piel sana! <\/p>\n<p>Enriquecida con Manteca de karit\u00e9 ecol\u00f3gica, Cal\u00e9ndula, Regaliz y Aceite de oliva virgen extra ecol\u00f3gico, procedente de olivas recogidas a mano en su punto de maduraci\u00f3n y de primera presi\u00f3n en fr\u00edo.<\/p>\n<p>Propiedades<\/p>\n<p>Suave y f\u00e1cil de extender. Se absorbe r\u00e1pidamente, aporta una duradera sensaci\u00f3n de &nbsp;&nbsp;hidrataci\u00f3n y calma que permanece durante horas.<\/p>\n<p>Sin perfumes ni colorantes a\u00f1adidos.<\/p>\n<p>Libre de transg\u00e9nicos.<\/p>\n<p>Ingredientes de origen vegetal.<\/p>\n<p>Producto Vegano.<\/p>\n<p>Ingredientes<\/p>\n<p>Cada ingrediente est\u00e1 presente por una buena raz\u00f3n:<\/p>\n<p>Manteca de&nbsp;&nbsp;Karit\u00e9: Elaborada a mano mediante el m\u00e9todo tradicional, por una cooperativa que&nbsp;&nbsp;empodera comunidades de mujeres rurales en el norte de Ghana, respetuosa y sostenible. Aporta una hidrataci\u00f3n intensa de larga duraci\u00f3n y act\u00faa como protector solar natural. <\/p>\n<p>Aceite de Oliva: Virgen extra y de primera presi\u00f3n en fr\u00edo. De origen ecol\u00f3gico y procedente de olivas de cultivos sostenibles recogidas a mano en su punto de maduraci\u00f3n. Regenera, nutre y suaviza la piel.  <\/p>\n<p>Cal\u00e9ndula: Obtenida de la flor. Calma profundamente, reduce la inflamaci\u00f3n y regenera la estructura de la piel. <\/p>\n<p>Regaliz: Obtenido de la ra\u00edz de la planta. Protege gracias a sus propiedades antimicrobianas y antioxidantes. Atrapa los radicales libres.  <\/p>\n<p>Listado INCI de Ingredientes: aqua, butyrospermum parkii (shea butter), olea europaea oil, calendula officinalis flower extract, glycyrrhiza glabra (licorice) root extract, coco-caprylate\/caprate, hydrogenated olive oil unsaponifiables, cetearyl olivate, sorbitan olivate, olive oil polyglyceryl-6 esters, cetearyl alcohol, sodium stearoyl lactylate, betaine, propanediol, citrus aurantium amara fruit extract, citrus reticulata fruit extract, citrus sinensis peel extract, glycerin, tocopherol, saccharide isomerate, benzyl alcohol, xanthan gum, sodium citrate, citric acid, lactic acid.<\/p>\n<p>Modo de empleo<\/p>\n<p>Usar tantas veces como sea necesario masajeando suavemente sobre la piel limpia de cara y cuerpo. Apta desde el primer d\u00eda para beb\u00e9s, peque\u00f1os y personas adultas, para toda la familia. <\/p>\n","protected":false},"excerpt":{"rendered":"<p>Crema facial y corporal para todo tipo de pieles, totalmente natural y vegana.<\/p>\n","protected":false},"featured_media":25411,"template":"","meta":{"inline_featured_image":false},"pwb-brand":[392],"product_cat":[541,542],"product_tag":[],"class_list":{"0":"post-25883","1":"product","2":"type-product","3":"status-publish","4":"has-post-thumbnail","6":"pwb-brand-anainas-skin-peace","7":"product_cat-belleza","8":"product_cat-belleza-belleza","9":"sales-flash-overlay","10":"woocommerce-text-align-center","11":"woocommerce-image-align-center","12":"do-quantity-buttons","13":"wc-has-gallery","15":"first","16":"instock","17":"taxable","18":"shipping-taxable","19":"purchasable","20":"product-type-variable"},"acf":[],"yoast_head":"<!-- This site is optimized with the Yoast SEO plugin v22.1 - https:\/\/yoast.com\/wordpress\/plugins\/seo\/ -->\n<title>Crema Hidratante - Creativas Galegas<\/title>\n<meta name=\"robots\" content=\"index, follow, max-snippet:-1, max-image-preview:large, max-video-preview:-1\" \/>\n<link rel=\"canonical\" href=\"https:\/\/creativasgalegas.gal\/es\/producto\/crema-hidratante\/\" \/>\n<meta property=\"og:locale\" content=\"es_ES\" \/>\n<meta property=\"og:type\" content=\"article\" \/>\n<meta property=\"og:title\" content=\"Crema Hidratante - Creativas Galegas\" \/>\n<meta property=\"og:description\" content=\"Crema facial y corporal para todo tipo de pieles, totalmente natural y vegana.\" \/>\n<meta property=\"og:url\" content=\"https:\/\/creativasgalegas.gal\/es\/producto\/crema-hidratante\/\" \/>\n<meta property=\"og:site_name\" content=\"Creativas Galegas\" \/>\n<meta property=\"og:image\" content=\"https:\/\/creativasgalegas.gal\/wp-content\/uploads\/2024\/02\/10075F35CREMA-1.jpg\" \/>\n\t<meta property=\"og:image:width\" content=\"1080\" \/>\n\t<meta property=\"og:image:height\" content=\"1400\" \/>\n\t<meta property=\"og:image:type\" content=\"image\/jpeg\" \/>\n<meta name=\"twitter:card\" content=\"summary_large_image\" \/>\n<meta name=\"twitter:label1\" content=\"Tiempo de lectura\" \/>\n\t<meta name=\"twitter:data1\" content=\"2 minutos\" \/>\n<script type=\"application\/ld+json\" class=\"yoast-schema-graph\">{\"@context\":\"https:\/\/schema.org\",\"@graph\":[{\"@type\":\"WebPage\",\"@id\":\"https:\/\/creativasgalegas.gal\/es\/producto\/crema-hidratante\/\",\"url\":\"https:\/\/creativasgalegas.gal\/es\/producto\/crema-hidratante\/\",\"name\":\"Crema Hidratante - Creativas Galegas\",\"isPartOf\":{\"@id\":\"https:\/\/creativasgalegas.gal\/es\/#website\"},\"datePublished\":\"2024-02-28T10:21:39+00:00\",\"dateModified\":\"2024-02-28T10:21:39+00:00\",\"breadcrumb\":{\"@id\":\"https:\/\/creativasgalegas.gal\/es\/producto\/crema-hidratante\/#breadcrumb\"},\"inLanguage\":\"es\",\"potentialAction\":[{\"@type\":\"ReadAction\",\"target\":[\"https:\/\/creativasgalegas.gal\/es\/producto\/crema-hidratante\/\"]}]},{\"@type\":\"BreadcrumbList\",\"@id\":\"https:\/\/creativasgalegas.gal\/es\/producto\/crema-hidratante\/#breadcrumb\",\"itemListElement\":[{\"@type\":\"ListItem\",\"position\":1,\"name\":\"Portada\",\"item\":\"https:\/\/creativasgalegas.gal\/es\/\"},{\"@type\":\"ListItem\",\"position\":2,\"name\":\"Tienda\",\"item\":\"https:\/\/creativasgalegas.gal\/es\/tienda\/\"},{\"@type\":\"ListItem\",\"position\":3,\"name\":\"Crema Hidratante\"}]},{\"@type\":\"WebSite\",\"@id\":\"https:\/\/creativasgalegas.gal\/es\/#website\",\"url\":\"https:\/\/creativasgalegas.gal\/es\/\",\"name\":\"Creativas Galegas\",\"description\":\"Asociaci\u00f3n de creativas e artes\u00e1ns | Mercado da creatividade\",\"publisher\":{\"@id\":\"https:\/\/creativasgalegas.gal\/es\/#organization\"},\"potentialAction\":[{\"@type\":\"SearchAction\",\"target\":{\"@type\":\"EntryPoint\",\"urlTemplate\":\"https:\/\/creativasgalegas.gal\/es\/?s={search_term_string}\"},\"query-input\":\"required name=search_term_string\"}],\"inLanguage\":\"es\"},{\"@type\":\"Organization\",\"@id\":\"https:\/\/creativasgalegas.gal\/es\/#organization\",\"name\":\"Creativas Galegas\",\"url\":\"https:\/\/creativasgalegas.gal\/es\/\",\"logo\":{\"@type\":\"ImageObject\",\"inLanguage\":\"es\",\"@id\":\"https:\/\/creativasgalegas.gal\/es\/#\/schema\/logo\/image\/\",\"url\":\"https:\/\/creativasgalegas.gal\/wp-content\/uploads\/2023\/12\/Creativas_Galegas_Logotipo_hor_esl_Positivo.svg\",\"contentUrl\":\"https:\/\/creativasgalegas.gal\/wp-content\/uploads\/2023\/12\/Creativas_Galegas_Logotipo_hor_esl_Positivo.svg\",\"caption\":\"Creativas Galegas\"},\"image\":{\"@id\":\"https:\/\/creativasgalegas.gal\/es\/#\/schema\/logo\/image\/\"}}]}<\/script>\n<!-- \/ Yoast SEO plugin. -->","yoast_head_json":{"title":"Crema Hidratante - Creativas Galegas","robots":{"index":"index","follow":"follow","max-snippet":"max-snippet:-1","max-image-preview":"max-image-preview:large","max-video-preview":"max-video-preview:-1"},"canonical":"https:\/\/creativasgalegas.gal\/es\/producto\/crema-hidratante\/","og_locale":"es_ES","og_type":"article","og_title":"Crema Hidratante - Creativas Galegas","og_description":"Crema facial y corporal para todo tipo de pieles, totalmente natural y vegana.","og_url":"https:\/\/creativasgalegas.gal\/es\/producto\/crema-hidratante\/","og_site_name":"Creativas Galegas","og_image":[{"width":1080,"height":1400,"url":"https:\/\/creativasgalegas.gal\/wp-content\/uploads\/2024\/02\/10075F35CREMA-1.jpg","type":"image\/jpeg"}],"twitter_card":"summary_large_image","twitter_misc":{"Tiempo de lectura":"2 minutos"},"schema":{"@context":"https:\/\/schema.org","@graph":[{"@type":"WebPage","@id":"https:\/\/creativasgalegas.gal\/es\/producto\/crema-hidratante\/","url":"https:\/\/creativasgalegas.gal\/es\/producto\/crema-hidratante\/","name":"Crema Hidratante - Creativas Galegas","isPartOf":{"@id":"https:\/\/creativasgalegas.gal\/es\/#website"},"datePublished":"2024-02-28T10:21:39+00:00","dateModified":"2024-02-28T10:21:39+00:00","breadcrumb":{"@id":"https:\/\/creativasgalegas.gal\/es\/producto\/crema-hidratante\/#breadcrumb"},"inLanguage":"es","potentialAction":[{"@type":"ReadAction","target":["https:\/\/creativasgalegas.gal\/es\/producto\/crema-hidratante\/"]}]},{"@type":"BreadcrumbList","@id":"https:\/\/creativasgalegas.gal\/es\/producto\/crema-hidratante\/#breadcrumb","itemListElement":[{"@type":"ListItem","position":1,"name":"Portada","item":"https:\/\/creativasgalegas.gal\/es\/"},{"@type":"ListItem","position":2,"name":"Tienda","item":"https:\/\/creativasgalegas.gal\/es\/tienda\/"},{"@type":"ListItem","position":3,"name":"Crema Hidratante"}]},{"@type":"WebSite","@id":"https:\/\/creativasgalegas.gal\/es\/#website","url":"https:\/\/creativasgalegas.gal\/es\/","name":"Creativas Galegas","description":"Asociaci\u00f3n de creativas e artes\u00e1ns | Mercado da creatividade","publisher":{"@id":"https:\/\/creativasgalegas.gal\/es\/#organization"},"potentialAction":[{"@type":"SearchAction","target":{"@type":"EntryPoint","urlTemplate":"https:\/\/creativasgalegas.gal\/es\/?s={search_term_string}"},"query-input":"required name=search_term_string"}],"inLanguage":"es"},{"@type":"Organization","@id":"https:\/\/creativasgalegas.gal\/es\/#organization","name":"Creativas Galegas","url":"https:\/\/creativasgalegas.gal\/es\/","logo":{"@type":"ImageObject","inLanguage":"es","@id":"https:\/\/creativasgalegas.gal\/es\/#\/schema\/logo\/image\/","url":"https:\/\/creativasgalegas.gal\/wp-content\/uploads\/2023\/12\/Creativas_Galegas_Logotipo_hor_esl_Positivo.svg","contentUrl":"https:\/\/creativasgalegas.gal\/wp-content\/uploads\/2023\/12\/Creativas_Galegas_Logotipo_hor_esl_Positivo.svg","caption":"Creativas Galegas"},"image":{"@id":"https:\/\/creativasgalegas.gal\/es\/#\/schema\/logo\/image\/"}}]}},"brands":[{"id":392,"name":"ANAINAS SKIN PEACE","slug":"anainas-skin-peace"}],"_links":{"self":[{"href":"https:\/\/creativasgalegas.gal\/es\/wp-json\/wp\/v2\/product\/25883","targetHints":{"allow":["GET"]}}],"collection":[{"href":"https:\/\/creativasgalegas.gal\/es\/wp-json\/wp\/v2\/product"}],"about":[{"href":"https:\/\/creativasgalegas.gal\/es\/wp-json\/wp\/v2\/types\/product"}],"wp:featuredmedia":[{"embeddable":true,"href":"https:\/\/creativasgalegas.gal\/es\/wp-json\/wp\/v2\/media\/25411"}],"wp:attachment":[{"href":"https:\/\/creativasgalegas.gal\/es\/wp-json\/wp\/v2\/media?parent=25883"}],"wp:term":[{"taxonomy":"pwb-brand","embeddable":true,"href":"https:\/\/creativasgalegas.gal\/es\/wp-json\/wp\/v2\/pwb-brand?post=25883"},{"taxonomy":"product_cat","embeddable":true,"href":"https:\/\/creativasgalegas.gal\/es\/wp-json\/wp\/v2\/product_cat?post=25883"},{"taxonomy":"product_tag","embeddable":true,"href":"https:\/\/creativasgalegas.gal\/es\/wp-json\/wp\/v2\/product_tag?post=25883"}],"curies":[{"name":"wp","href":"https:\/\/api.w.org\/{rel}","templated":true}]}}