{"id":25809,"date":"2024-02-28T11:22:55","date_gmt":"2024-02-28T10:22:55","guid":{"rendered":"https:\/\/creativasgalegas.gal\/producto\/iman-tertulia\/"},"modified":"2024-02-28T11:22:55","modified_gmt":"2024-02-28T10:22:55","slug":"iman-tertulia","status":"publish","type":"product","link":"https:\/\/creativasgalegas.gal\/es\/producto\/iman-tertulia\/","title":{"rendered":"Im\u00e1n Tertulia"},"content":{"rendered":"<p>Dise\u00f1adora: Almudena Rodr\u00edguez<\/p>\n<p>T\u00e9cnica: impresi\u00f3n digital y montaje por Quenindiola.<\/p>\n<p>Durante el confinamiento organiz\u00e1bamos tertulias online en las que tratar diferentes tem\u00e1ticas relacionadas con el sector creativo. En una de esas tertulias, Almudena, de Denadinteriores, esboz\u00f3 unas im\u00e1genes que reflejaban para ella esos encuentros y conversaciones&#8230;<\/p>\n<p>\u00a1Aqu\u00ed est\u00e1n!<\/p>\n","protected":false},"excerpt":{"rendered":"<p>Im\u00e1n de 7,5&#215;9 cm<\/p>\n","protected":false},"featured_media":24909,"template":"","meta":{"inline_featured_image":false},"pwb-brand":[411],"product_cat":[563,562],"product_tag":[],"class_list":{"0":"post-25809","1":"product","2":"type-product","3":"status-publish","4":"has-post-thumbnail","6":"pwb-brand-creativas-galegas","7":"product_cat-decoracion","8":"product_cat-hogar","9":"sales-flash-overlay","10":"woocommerce-text-align-center","11":"woocommerce-image-align-center","12":"do-quantity-buttons","13":"wc-has-gallery","15":"first","16":"outofstock","17":"taxable","18":"shipping-taxable","19":"purchasable","20":"product-type-variable"},"acf":[],"yoast_head":"<!-- This site is optimized with the Yoast SEO plugin v22.1 - https:\/\/yoast.com\/wordpress\/plugins\/seo\/ -->\n<title>Im\u00e1n Tertulia - Creativas Galegas<\/title>\n<meta name=\"robots\" content=\"index, follow, max-snippet:-1, max-image-preview:large, max-video-preview:-1\" \/>\n<link rel=\"canonical\" href=\"https:\/\/creativasgalegas.gal\/es\/producto\/iman-tertulia\/\" \/>\n<meta property=\"og:locale\" content=\"es_ES\" \/>\n<meta property=\"og:type\" content=\"article\" \/>\n<meta property=\"og:title\" content=\"Im\u00e1n Tertulia - Creativas Galegas\" \/>\n<meta property=\"og:description\" content=\"Im\u00e1n de 7,5x9 cm\" \/>\n<meta property=\"og:url\" content=\"https:\/\/creativasgalegas.gal\/es\/producto\/iman-tertulia\/\" \/>\n<meta property=\"og:site_name\" content=\"Creativas Galegas\" \/>\n<meta property=\"og:image\" content=\"https:\/\/creativasgalegas.gal\/wp-content\/uploads\/2024\/02\/50001F33IMPAR-1.jpg\" \/>\n\t<meta property=\"og:image:width\" content=\"1080\" \/>\n\t<meta property=\"og:image:height\" content=\"1400\" \/>\n\t<meta property=\"og:image:type\" content=\"image\/jpeg\" \/>\n<meta name=\"twitter:card\" content=\"summary_large_image\" \/>\n<script type=\"application\/ld+json\" class=\"yoast-schema-graph\">{\"@context\":\"https:\/\/schema.org\",\"@graph\":[{\"@type\":\"WebPage\",\"@id\":\"https:\/\/creativasgalegas.gal\/es\/producto\/iman-tertulia\/\",\"url\":\"https:\/\/creativasgalegas.gal\/es\/producto\/iman-tertulia\/\",\"name\":\"Im\u00e1n Tertulia - Creativas Galegas\",\"isPartOf\":{\"@id\":\"https:\/\/creativasgalegas.gal\/es\/#website\"},\"datePublished\":\"2024-02-28T10:22:55+00:00\",\"dateModified\":\"2024-02-28T10:22:55+00:00\",\"breadcrumb\":{\"@id\":\"https:\/\/creativasgalegas.gal\/es\/producto\/iman-tertulia\/#breadcrumb\"},\"inLanguage\":\"es\",\"potentialAction\":[{\"@type\":\"ReadAction\",\"target\":[\"https:\/\/creativasgalegas.gal\/es\/producto\/iman-tertulia\/\"]}]},{\"@type\":\"BreadcrumbList\",\"@id\":\"https:\/\/creativasgalegas.gal\/es\/producto\/iman-tertulia\/#breadcrumb\",\"itemListElement\":[{\"@type\":\"ListItem\",\"position\":1,\"name\":\"Portada\",\"item\":\"https:\/\/creativasgalegas.gal\/es\/\"},{\"@type\":\"ListItem\",\"position\":2,\"name\":\"Tienda\",\"item\":\"https:\/\/creativasgalegas.gal\/es\/tienda\/\"},{\"@type\":\"ListItem\",\"position\":3,\"name\":\"Im\u00e1n Tertulia\"}]},{\"@type\":\"WebSite\",\"@id\":\"https:\/\/creativasgalegas.gal\/es\/#website\",\"url\":\"https:\/\/creativasgalegas.gal\/es\/\",\"name\":\"Creativas Galegas\",\"description\":\"Asociaci\u00f3n de creativas e artes\u00e1ns | Mercado da creatividade\",\"publisher\":{\"@id\":\"https:\/\/creativasgalegas.gal\/es\/#organization\"},\"potentialAction\":[{\"@type\":\"SearchAction\",\"target\":{\"@type\":\"EntryPoint\",\"urlTemplate\":\"https:\/\/creativasgalegas.gal\/es\/?s={search_term_string}\"},\"query-input\":\"required name=search_term_string\"}],\"inLanguage\":\"es\"},{\"@type\":\"Organization\",\"@id\":\"https:\/\/creativasgalegas.gal\/es\/#organization\",\"name\":\"Creativas Galegas\",\"url\":\"https:\/\/creativasgalegas.gal\/es\/\",\"logo\":{\"@type\":\"ImageObject\",\"inLanguage\":\"es\",\"@id\":\"https:\/\/creativasgalegas.gal\/es\/#\/schema\/logo\/image\/\",\"url\":\"https:\/\/creativasgalegas.gal\/wp-content\/uploads\/2023\/12\/Creativas_Galegas_Logotipo_hor_esl_Positivo.svg\",\"contentUrl\":\"https:\/\/creativasgalegas.gal\/wp-content\/uploads\/2023\/12\/Creativas_Galegas_Logotipo_hor_esl_Positivo.svg\",\"caption\":\"Creativas Galegas\"},\"image\":{\"@id\":\"https:\/\/creativasgalegas.gal\/es\/#\/schema\/logo\/image\/\"}}]}<\/script>\n<!-- \/ Yoast SEO plugin. -->","yoast_head_json":{"title":"Im\u00e1n Tertulia - Creativas Galegas","robots":{"index":"index","follow":"follow","max-snippet":"max-snippet:-1","max-image-preview":"max-image-preview:large","max-video-preview":"max-video-preview:-1"},"canonical":"https:\/\/creativasgalegas.gal\/es\/producto\/iman-tertulia\/","og_locale":"es_ES","og_type":"article","og_title":"Im\u00e1n Tertulia - Creativas Galegas","og_description":"Im\u00e1n de 7,5x9 cm","og_url":"https:\/\/creativasgalegas.gal\/es\/producto\/iman-tertulia\/","og_site_name":"Creativas Galegas","og_image":[{"width":1080,"height":1400,"url":"https:\/\/creativasgalegas.gal\/wp-content\/uploads\/2024\/02\/50001F33IMPAR-1.jpg","type":"image\/jpeg"}],"twitter_card":"summary_large_image","schema":{"@context":"https:\/\/schema.org","@graph":[{"@type":"WebPage","@id":"https:\/\/creativasgalegas.gal\/es\/producto\/iman-tertulia\/","url":"https:\/\/creativasgalegas.gal\/es\/producto\/iman-tertulia\/","name":"Im\u00e1n Tertulia - Creativas Galegas","isPartOf":{"@id":"https:\/\/creativasgalegas.gal\/es\/#website"},"datePublished":"2024-02-28T10:22:55+00:00","dateModified":"2024-02-28T10:22:55+00:00","breadcrumb":{"@id":"https:\/\/creativasgalegas.gal\/es\/producto\/iman-tertulia\/#breadcrumb"},"inLanguage":"es","potentialAction":[{"@type":"ReadAction","target":["https:\/\/creativasgalegas.gal\/es\/producto\/iman-tertulia\/"]}]},{"@type":"BreadcrumbList","@id":"https:\/\/creativasgalegas.gal\/es\/producto\/iman-tertulia\/#breadcrumb","itemListElement":[{"@type":"ListItem","position":1,"name":"Portada","item":"https:\/\/creativasgalegas.gal\/es\/"},{"@type":"ListItem","position":2,"name":"Tienda","item":"https:\/\/creativasgalegas.gal\/es\/tienda\/"},{"@type":"ListItem","position":3,"name":"Im\u00e1n Tertulia"}]},{"@type":"WebSite","@id":"https:\/\/creativasgalegas.gal\/es\/#website","url":"https:\/\/creativasgalegas.gal\/es\/","name":"Creativas Galegas","description":"Asociaci\u00f3n de creativas e artes\u00e1ns | Mercado da creatividade","publisher":{"@id":"https:\/\/creativasgalegas.gal\/es\/#organization"},"potentialAction":[{"@type":"SearchAction","target":{"@type":"EntryPoint","urlTemplate":"https:\/\/creativasgalegas.gal\/es\/?s={search_term_string}"},"query-input":"required name=search_term_string"}],"inLanguage":"es"},{"@type":"Organization","@id":"https:\/\/creativasgalegas.gal\/es\/#organization","name":"Creativas Galegas","url":"https:\/\/creativasgalegas.gal\/es\/","logo":{"@type":"ImageObject","inLanguage":"es","@id":"https:\/\/creativasgalegas.gal\/es\/#\/schema\/logo\/image\/","url":"https:\/\/creativasgalegas.gal\/wp-content\/uploads\/2023\/12\/Creativas_Galegas_Logotipo_hor_esl_Positivo.svg","contentUrl":"https:\/\/creativasgalegas.gal\/wp-content\/uploads\/2023\/12\/Creativas_Galegas_Logotipo_hor_esl_Positivo.svg","caption":"Creativas Galegas"},"image":{"@id":"https:\/\/creativasgalegas.gal\/es\/#\/schema\/logo\/image\/"}}]}},"brands":[{"id":411,"name":"CREATIVAS GALEGAS","slug":"creativas-galegas"}],"_links":{"self":[{"href":"https:\/\/creativasgalegas.gal\/es\/wp-json\/wp\/v2\/product\/25809","targetHints":{"allow":["GET"]}}],"collection":[{"href":"https:\/\/creativasgalegas.gal\/es\/wp-json\/wp\/v2\/product"}],"about":[{"href":"https:\/\/creativasgalegas.gal\/es\/wp-json\/wp\/v2\/types\/product"}],"wp:featuredmedia":[{"embeddable":true,"href":"https:\/\/creativasgalegas.gal\/es\/wp-json\/wp\/v2\/media\/24909"}],"wp:attachment":[{"href":"https:\/\/creativasgalegas.gal\/es\/wp-json\/wp\/v2\/media?parent=25809"}],"wp:term":[{"taxonomy":"pwb-brand","embeddable":true,"href":"https:\/\/creativasgalegas.gal\/es\/wp-json\/wp\/v2\/pwb-brand?post=25809"},{"taxonomy":"product_cat","embeddable":true,"href":"https:\/\/creativasgalegas.gal\/es\/wp-json\/wp\/v2\/product_cat?post=25809"},{"taxonomy":"product_tag","embeddable":true,"href":"https:\/\/creativasgalegas.gal\/es\/wp-json\/wp\/v2\/product_tag?post=25809"}],"curies":[{"name":"wp","href":"https:\/\/api.w.org\/{rel}","templated":true}]}}