{"id":23385,"date":"2024-02-27T18:04:42","date_gmt":"2024-02-27T17:04:42","guid":{"rendered":"https:\/\/creativasgalegas.gal\/producto\/juego-penascos-de-los-tahumis-version-arcoiris\/"},"modified":"2025-10-28T18:06:37","modified_gmt":"2025-10-28T17:06:37","slug":"juego-penascos-de-los-tahumis-version-arcoiris","status":"publish","type":"product","link":"https:\/\/creativasgalegas.gal\/es\/producto\/juego-penascos-de-los-tahumis-version-arcoiris\/","title":{"rendered":"Juego Pe\u00f1ascos de los Tahumis versi\u00f3n arco\u00edris"},"content":{"rendered":"<p>Artesanos: Xos\u00e9 Manuel y Ruth<\/p>\n<p>Marca: SonAgasallo<\/p>\n<p>Se trata de construir la torre m\u00e1s alta o la m\u00e1s creativa, equilibrando los pe\u00f1ascos y encaramando el zorrito en lo m\u00e1s alto.<\/p>\n<p>Contiene 7 piedras en los colores del arco\u00edris y una figura de zorro, realizados a mano con restos y recortes de madera maciza, as\u00ed que cada conjunto es \u00fanico. Pintados con pinturas al agua y barnizados con productos aptos para uso alimentario, por lo que no generan ning\u00fan problema de toxicidad. Adem\u00e1s conocer\u00e1s la leyenda de los Tahumis, seres m\u00e1gicos del monte Tah\u00fame.  <\/p>\n<p>Es un regalo ideal para pasar un buen rato y adem\u00e1s:<\/p>\n<p>~ Fomenta la concentraci\u00f3n<\/p>\n<p>~ Ayuda a desarrollar la creatividad<\/p>\n<p>~ Desarrolla la capacidad de pensamiento l\u00f3gico<\/p>\n<p>~ Mejora la coordinaci\u00f3n mano-ojo<\/p>\n<p>~ Estimula el desarrollo sensorial<\/p>\n<p>Se recomienda siempre la supervisi\u00f3n de un adulto para menores de 3 a\u00f1os.<\/p>\n<p>Debido a su fabricaci\u00f3n artesanal, todas las piezas est\u00e1n sujetas a peque\u00f1as variaciones de tama\u00f1o, colores y otras caracter\u00edsticas similares.<\/p>\n","protected":false},"excerpt":{"rendered":"<p>Piedras de equilibrio &#8216;Montessori friendly&#8217;<\/p>\n","protected":false},"featured_media":23387,"template":"","meta":{"inline_featured_image":false},"pwb-brand":[385],"product_cat":[594,593],"product_tag":[],"class_list":{"0":"post-23385","1":"product","2":"type-product","3":"status-publish","4":"has-post-thumbnail","6":"pwb-brand-sonagasallo","7":"product_cat-juego-juego","8":"product_cat-juego","9":"sales-flash-overlay","10":"woocommerce-text-align-center","11":"woocommerce-image-align-center","12":"do-quantity-buttons","13":"wc-has-gallery","15":"first","16":"instock","17":"taxable","18":"shipping-taxable","19":"purchasable","20":"product-type-variable"},"acf":[],"yoast_head":"<!-- This site is optimized with the Yoast SEO plugin v22.1 - https:\/\/yoast.com\/wordpress\/plugins\/seo\/ -->\n<title>Juego Pe\u00f1ascos de los Tahumis versi\u00f3n arco\u00edris - Creativas Galegas<\/title>\n<meta name=\"robots\" content=\"index, follow, max-snippet:-1, max-image-preview:large, max-video-preview:-1\" \/>\n<link rel=\"canonical\" href=\"https:\/\/creativasgalegas.gal\/es\/producto\/juego-penascos-de-los-tahumis-version-arcoiris\/\" \/>\n<meta property=\"og:locale\" content=\"es_ES\" \/>\n<meta property=\"og:type\" content=\"article\" \/>\n<meta property=\"og:title\" content=\"Juego Pe\u00f1ascos de los Tahumis versi\u00f3n arco\u00edris - Creativas Galegas\" \/>\n<meta property=\"og:description\" content=\"Piedras de equilibrio &#039;Montessori friendly&#039;\" \/>\n<meta property=\"og:url\" content=\"https:\/\/creativasgalegas.gal\/es\/producto\/juego-penascos-de-los-tahumis-version-arcoiris\/\" \/>\n<meta property=\"og:site_name\" content=\"Creativas Galegas\" \/>\n<meta property=\"article:modified_time\" content=\"2025-10-28T17:06:37+00:00\" \/>\n<meta property=\"og:image\" content=\"https:\/\/creativasgalegas.gal\/wp-content\/uploads\/2024\/02\/10038F34XPTAV-1.jpg\" \/>\n\t<meta property=\"og:image:width\" content=\"1080\" \/>\n\t<meta property=\"og:image:height\" content=\"1400\" \/>\n\t<meta property=\"og:image:type\" content=\"image\/jpeg\" \/>\n<meta name=\"twitter:card\" content=\"summary_large_image\" \/>\n<meta name=\"twitter:label1\" content=\"Tiempo de lectura\" \/>\n\t<meta name=\"twitter:data1\" content=\"1 minuto\" \/>\n<script type=\"application\/ld+json\" class=\"yoast-schema-graph\">{\"@context\":\"https:\/\/schema.org\",\"@graph\":[{\"@type\":\"WebPage\",\"@id\":\"https:\/\/creativasgalegas.gal\/es\/producto\/juego-penascos-de-los-tahumis-version-arcoiris\/\",\"url\":\"https:\/\/creativasgalegas.gal\/es\/producto\/juego-penascos-de-los-tahumis-version-arcoiris\/\",\"name\":\"Juego Pe\u00f1ascos de los Tahumis versi\u00f3n arco\u00edris - Creativas Galegas\",\"isPartOf\":{\"@id\":\"https:\/\/creativasgalegas.gal\/es\/#website\"},\"datePublished\":\"2024-02-27T17:04:42+00:00\",\"dateModified\":\"2025-10-28T17:06:37+00:00\",\"breadcrumb\":{\"@id\":\"https:\/\/creativasgalegas.gal\/es\/producto\/juego-penascos-de-los-tahumis-version-arcoiris\/#breadcrumb\"},\"inLanguage\":\"es\",\"potentialAction\":[{\"@type\":\"ReadAction\",\"target\":[\"https:\/\/creativasgalegas.gal\/es\/producto\/juego-penascos-de-los-tahumis-version-arcoiris\/\"]}]},{\"@type\":\"BreadcrumbList\",\"@id\":\"https:\/\/creativasgalegas.gal\/es\/producto\/juego-penascos-de-los-tahumis-version-arcoiris\/#breadcrumb\",\"itemListElement\":[{\"@type\":\"ListItem\",\"position\":1,\"name\":\"Portada\",\"item\":\"https:\/\/creativasgalegas.gal\/es\/\"},{\"@type\":\"ListItem\",\"position\":2,\"name\":\"Tienda\",\"item\":\"https:\/\/creativasgalegas.gal\/es\/tienda\/\"},{\"@type\":\"ListItem\",\"position\":3,\"name\":\"Juego Pe\u00f1ascos de los Tahumis versi\u00f3n arco\u00edris\"}]},{\"@type\":\"WebSite\",\"@id\":\"https:\/\/creativasgalegas.gal\/es\/#website\",\"url\":\"https:\/\/creativasgalegas.gal\/es\/\",\"name\":\"Creativas Galegas\",\"description\":\"Asociaci\u00f3n de creativas e artes\u00e1ns | Mercado da creatividade\",\"publisher\":{\"@id\":\"https:\/\/creativasgalegas.gal\/es\/#organization\"},\"potentialAction\":[{\"@type\":\"SearchAction\",\"target\":{\"@type\":\"EntryPoint\",\"urlTemplate\":\"https:\/\/creativasgalegas.gal\/es\/?s={search_term_string}\"},\"query-input\":\"required name=search_term_string\"}],\"inLanguage\":\"es\"},{\"@type\":\"Organization\",\"@id\":\"https:\/\/creativasgalegas.gal\/es\/#organization\",\"name\":\"Creativas Galegas\",\"url\":\"https:\/\/creativasgalegas.gal\/es\/\",\"logo\":{\"@type\":\"ImageObject\",\"inLanguage\":\"es\",\"@id\":\"https:\/\/creativasgalegas.gal\/es\/#\/schema\/logo\/image\/\",\"url\":\"https:\/\/creativasgalegas.gal\/wp-content\/uploads\/2023\/12\/Creativas_Galegas_Logotipo_hor_esl_Positivo.svg\",\"contentUrl\":\"https:\/\/creativasgalegas.gal\/wp-content\/uploads\/2023\/12\/Creativas_Galegas_Logotipo_hor_esl_Positivo.svg\",\"caption\":\"Creativas Galegas\"},\"image\":{\"@id\":\"https:\/\/creativasgalegas.gal\/es\/#\/schema\/logo\/image\/\"}}]}<\/script>\n<!-- \/ Yoast SEO plugin. -->","yoast_head_json":{"title":"Juego Pe\u00f1ascos de los Tahumis versi\u00f3n arco\u00edris - Creativas Galegas","robots":{"index":"index","follow":"follow","max-snippet":"max-snippet:-1","max-image-preview":"max-image-preview:large","max-video-preview":"max-video-preview:-1"},"canonical":"https:\/\/creativasgalegas.gal\/es\/producto\/juego-penascos-de-los-tahumis-version-arcoiris\/","og_locale":"es_ES","og_type":"article","og_title":"Juego Pe\u00f1ascos de los Tahumis versi\u00f3n arco\u00edris - Creativas Galegas","og_description":"Piedras de equilibrio 'Montessori friendly'","og_url":"https:\/\/creativasgalegas.gal\/es\/producto\/juego-penascos-de-los-tahumis-version-arcoiris\/","og_site_name":"Creativas Galegas","article_modified_time":"2025-10-28T17:06:37+00:00","og_image":[{"width":1080,"height":1400,"url":"https:\/\/creativasgalegas.gal\/wp-content\/uploads\/2024\/02\/10038F34XPTAV-1.jpg","type":"image\/jpeg"}],"twitter_card":"summary_large_image","twitter_misc":{"Tiempo de lectura":"1 minuto"},"schema":{"@context":"https:\/\/schema.org","@graph":[{"@type":"WebPage","@id":"https:\/\/creativasgalegas.gal\/es\/producto\/juego-penascos-de-los-tahumis-version-arcoiris\/","url":"https:\/\/creativasgalegas.gal\/es\/producto\/juego-penascos-de-los-tahumis-version-arcoiris\/","name":"Juego Pe\u00f1ascos de los Tahumis versi\u00f3n arco\u00edris - Creativas Galegas","isPartOf":{"@id":"https:\/\/creativasgalegas.gal\/es\/#website"},"datePublished":"2024-02-27T17:04:42+00:00","dateModified":"2025-10-28T17:06:37+00:00","breadcrumb":{"@id":"https:\/\/creativasgalegas.gal\/es\/producto\/juego-penascos-de-los-tahumis-version-arcoiris\/#breadcrumb"},"inLanguage":"es","potentialAction":[{"@type":"ReadAction","target":["https:\/\/creativasgalegas.gal\/es\/producto\/juego-penascos-de-los-tahumis-version-arcoiris\/"]}]},{"@type":"BreadcrumbList","@id":"https:\/\/creativasgalegas.gal\/es\/producto\/juego-penascos-de-los-tahumis-version-arcoiris\/#breadcrumb","itemListElement":[{"@type":"ListItem","position":1,"name":"Portada","item":"https:\/\/creativasgalegas.gal\/es\/"},{"@type":"ListItem","position":2,"name":"Tienda","item":"https:\/\/creativasgalegas.gal\/es\/tienda\/"},{"@type":"ListItem","position":3,"name":"Juego Pe\u00f1ascos de los Tahumis versi\u00f3n arco\u00edris"}]},{"@type":"WebSite","@id":"https:\/\/creativasgalegas.gal\/es\/#website","url":"https:\/\/creativasgalegas.gal\/es\/","name":"Creativas Galegas","description":"Asociaci\u00f3n de creativas e artes\u00e1ns | Mercado da creatividade","publisher":{"@id":"https:\/\/creativasgalegas.gal\/es\/#organization"},"potentialAction":[{"@type":"SearchAction","target":{"@type":"EntryPoint","urlTemplate":"https:\/\/creativasgalegas.gal\/es\/?s={search_term_string}"},"query-input":"required name=search_term_string"}],"inLanguage":"es"},{"@type":"Organization","@id":"https:\/\/creativasgalegas.gal\/es\/#organization","name":"Creativas Galegas","url":"https:\/\/creativasgalegas.gal\/es\/","logo":{"@type":"ImageObject","inLanguage":"es","@id":"https:\/\/creativasgalegas.gal\/es\/#\/schema\/logo\/image\/","url":"https:\/\/creativasgalegas.gal\/wp-content\/uploads\/2023\/12\/Creativas_Galegas_Logotipo_hor_esl_Positivo.svg","contentUrl":"https:\/\/creativasgalegas.gal\/wp-content\/uploads\/2023\/12\/Creativas_Galegas_Logotipo_hor_esl_Positivo.svg","caption":"Creativas Galegas"},"image":{"@id":"https:\/\/creativasgalegas.gal\/es\/#\/schema\/logo\/image\/"}}]}},"brands":[{"id":385,"name":"SonAgasallo","slug":"sonagasallo"}],"_links":{"self":[{"href":"https:\/\/creativasgalegas.gal\/es\/wp-json\/wp\/v2\/product\/23385","targetHints":{"allow":["GET"]}}],"collection":[{"href":"https:\/\/creativasgalegas.gal\/es\/wp-json\/wp\/v2\/product"}],"about":[{"href":"https:\/\/creativasgalegas.gal\/es\/wp-json\/wp\/v2\/types\/product"}],"wp:featuredmedia":[{"embeddable":true,"href":"https:\/\/creativasgalegas.gal\/es\/wp-json\/wp\/v2\/media\/23387"}],"wp:attachment":[{"href":"https:\/\/creativasgalegas.gal\/es\/wp-json\/wp\/v2\/media?parent=23385"}],"wp:term":[{"taxonomy":"pwb-brand","embeddable":true,"href":"https:\/\/creativasgalegas.gal\/es\/wp-json\/wp\/v2\/pwb-brand?post=23385"},{"taxonomy":"product_cat","embeddable":true,"href":"https:\/\/creativasgalegas.gal\/es\/wp-json\/wp\/v2\/product_cat?post=23385"},{"taxonomy":"product_tag","embeddable":true,"href":"https:\/\/creativasgalegas.gal\/es\/wp-json\/wp\/v2\/product_tag?post=23385"}],"curies":[{"name":"wp","href":"https:\/\/api.w.org\/{rel}","templated":true}]}}