{"id":23318,"date":"2024-02-27T18:04:36","date_gmt":"2024-02-27T17:04:36","guid":{"rendered":"https:\/\/creativasgalegas.gal\/producto\/plato-de-pulpo-pirograbado-a-mano\/"},"modified":"2025-10-28T18:06:41","modified_gmt":"2025-10-28T17:06:41","slug":"plato-de-pulpo-pirograbado-a-mano","status":"publish","type":"product","link":"https:\/\/creativasgalegas.gal\/es\/producto\/plato-de-pulpo-pirograbado-a-mano\/","title":{"rendered":"Plato de pulpo pirograbado a mano"},"content":{"rendered":"<p>Artesanos: Ruth y Jos\u00e9 Manuel<\/p>\n<p>Marca: Son Agasallo<\/p>\n<p>Plato con dise\u00f1o de un rajo envolvente de pulpo, pirograbado a mano.<\/p>\n<p>Tanto si se puede usar como elemento decorativo, como para presentar una raci\u00f3n de pulpo a la gallega de la forma m\u00e1s especial. Acabado extramate certificado para aplicaciones en madera para contacto alimentario.<\/p>\n<p>Cada una de las piezas est\u00e1 pirograbada a mano, por lo que puede haber peque\u00f1as diferencias de tama\u00f1o, colores o caracter\u00edsticas similares.<\/p>\n","protected":false},"excerpt":{"rendered":"<p>Plato de pulpo pirograbado a mano<\/p>\n","protected":false},"featured_media":23322,"template":"","meta":{"inline_featured_image":false},"pwb-brand":[385],"product_cat":[562,565],"product_tag":[],"class_list":{"0":"post-23318","1":"product","2":"type-product","3":"status-publish","4":"has-post-thumbnail","6":"pwb-brand-sonagasallo","7":"product_cat-hogar","8":"product_cat-utiles-de-cocina","9":"sales-flash-overlay","10":"woocommerce-text-align-center","11":"woocommerce-image-align-center","12":"do-quantity-buttons","13":"wc-has-gallery","15":"first","16":"instock","17":"taxable","18":"shipping-taxable","19":"purchasable","20":"product-type-variable"},"acf":[],"yoast_head":"<!-- This site is optimized with the Yoast SEO plugin v22.1 - https:\/\/yoast.com\/wordpress\/plugins\/seo\/ -->\n<title>Plato de pulpo pirograbado a mano - Creativas Galegas<\/title>\n<meta name=\"robots\" content=\"index, follow, max-snippet:-1, max-image-preview:large, max-video-preview:-1\" \/>\n<link rel=\"canonical\" href=\"https:\/\/creativasgalegas.gal\/es\/producto\/plato-de-pulpo-pirograbado-a-mano\/\" \/>\n<meta property=\"og:locale\" content=\"es_ES\" \/>\n<meta property=\"og:type\" content=\"article\" \/>\n<meta property=\"og:title\" content=\"Plato de pulpo pirograbado a mano - Creativas Galegas\" \/>\n<meta property=\"og:description\" content=\"Plato de pulpo pirograbado a mano\" \/>\n<meta property=\"og:url\" content=\"https:\/\/creativasgalegas.gal\/es\/producto\/plato-de-pulpo-pirograbado-a-mano\/\" \/>\n<meta property=\"og:site_name\" content=\"Creativas Galegas\" \/>\n<meta property=\"article:modified_time\" content=\"2025-10-28T17:06:41+00:00\" \/>\n<meta property=\"og:image\" content=\"https:\/\/creativasgalegas.gal\/wp-content\/uploads\/2024\/02\/10038F31PRPOL-1.jpg\" \/>\n\t<meta property=\"og:image:width\" content=\"1080\" \/>\n\t<meta property=\"og:image:height\" content=\"1400\" \/>\n\t<meta property=\"og:image:type\" content=\"image\/jpeg\" \/>\n<meta name=\"twitter:card\" content=\"summary_large_image\" \/>\n<script type=\"application\/ld+json\" class=\"yoast-schema-graph\">{\"@context\":\"https:\/\/schema.org\",\"@graph\":[{\"@type\":\"WebPage\",\"@id\":\"https:\/\/creativasgalegas.gal\/es\/producto\/plato-de-pulpo-pirograbado-a-mano\/\",\"url\":\"https:\/\/creativasgalegas.gal\/es\/producto\/plato-de-pulpo-pirograbado-a-mano\/\",\"name\":\"Plato de pulpo pirograbado a mano - Creativas Galegas\",\"isPartOf\":{\"@id\":\"https:\/\/creativasgalegas.gal\/es\/#website\"},\"datePublished\":\"2024-02-27T17:04:36+00:00\",\"dateModified\":\"2025-10-28T17:06:41+00:00\",\"breadcrumb\":{\"@id\":\"https:\/\/creativasgalegas.gal\/es\/producto\/plato-de-pulpo-pirograbado-a-mano\/#breadcrumb\"},\"inLanguage\":\"es\",\"potentialAction\":[{\"@type\":\"ReadAction\",\"target\":[\"https:\/\/creativasgalegas.gal\/es\/producto\/plato-de-pulpo-pirograbado-a-mano\/\"]}]},{\"@type\":\"BreadcrumbList\",\"@id\":\"https:\/\/creativasgalegas.gal\/es\/producto\/plato-de-pulpo-pirograbado-a-mano\/#breadcrumb\",\"itemListElement\":[{\"@type\":\"ListItem\",\"position\":1,\"name\":\"Portada\",\"item\":\"https:\/\/creativasgalegas.gal\/es\/\"},{\"@type\":\"ListItem\",\"position\":2,\"name\":\"Tienda\",\"item\":\"https:\/\/creativasgalegas.gal\/es\/tienda\/\"},{\"@type\":\"ListItem\",\"position\":3,\"name\":\"Plato de pulpo pirograbado a mano\"}]},{\"@type\":\"WebSite\",\"@id\":\"https:\/\/creativasgalegas.gal\/es\/#website\",\"url\":\"https:\/\/creativasgalegas.gal\/es\/\",\"name\":\"Creativas Galegas\",\"description\":\"Asociaci\u00f3n de creativas e artes\u00e1ns | Mercado da creatividade\",\"publisher\":{\"@id\":\"https:\/\/creativasgalegas.gal\/es\/#organization\"},\"potentialAction\":[{\"@type\":\"SearchAction\",\"target\":{\"@type\":\"EntryPoint\",\"urlTemplate\":\"https:\/\/creativasgalegas.gal\/es\/?s={search_term_string}\"},\"query-input\":\"required name=search_term_string\"}],\"inLanguage\":\"es\"},{\"@type\":\"Organization\",\"@id\":\"https:\/\/creativasgalegas.gal\/es\/#organization\",\"name\":\"Creativas Galegas\",\"url\":\"https:\/\/creativasgalegas.gal\/es\/\",\"logo\":{\"@type\":\"ImageObject\",\"inLanguage\":\"es\",\"@id\":\"https:\/\/creativasgalegas.gal\/es\/#\/schema\/logo\/image\/\",\"url\":\"https:\/\/creativasgalegas.gal\/wp-content\/uploads\/2023\/12\/Creativas_Galegas_Logotipo_hor_esl_Positivo.svg\",\"contentUrl\":\"https:\/\/creativasgalegas.gal\/wp-content\/uploads\/2023\/12\/Creativas_Galegas_Logotipo_hor_esl_Positivo.svg\",\"caption\":\"Creativas Galegas\"},\"image\":{\"@id\":\"https:\/\/creativasgalegas.gal\/es\/#\/schema\/logo\/image\/\"}}]}<\/script>\n<!-- \/ Yoast SEO plugin. -->","yoast_head_json":{"title":"Plato de pulpo pirograbado a mano - Creativas Galegas","robots":{"index":"index","follow":"follow","max-snippet":"max-snippet:-1","max-image-preview":"max-image-preview:large","max-video-preview":"max-video-preview:-1"},"canonical":"https:\/\/creativasgalegas.gal\/es\/producto\/plato-de-pulpo-pirograbado-a-mano\/","og_locale":"es_ES","og_type":"article","og_title":"Plato de pulpo pirograbado a mano - Creativas Galegas","og_description":"Plato de pulpo pirograbado a mano","og_url":"https:\/\/creativasgalegas.gal\/es\/producto\/plato-de-pulpo-pirograbado-a-mano\/","og_site_name":"Creativas Galegas","article_modified_time":"2025-10-28T17:06:41+00:00","og_image":[{"width":1080,"height":1400,"url":"https:\/\/creativasgalegas.gal\/wp-content\/uploads\/2024\/02\/10038F31PRPOL-1.jpg","type":"image\/jpeg"}],"twitter_card":"summary_large_image","schema":{"@context":"https:\/\/schema.org","@graph":[{"@type":"WebPage","@id":"https:\/\/creativasgalegas.gal\/es\/producto\/plato-de-pulpo-pirograbado-a-mano\/","url":"https:\/\/creativasgalegas.gal\/es\/producto\/plato-de-pulpo-pirograbado-a-mano\/","name":"Plato de pulpo pirograbado a mano - Creativas Galegas","isPartOf":{"@id":"https:\/\/creativasgalegas.gal\/es\/#website"},"datePublished":"2024-02-27T17:04:36+00:00","dateModified":"2025-10-28T17:06:41+00:00","breadcrumb":{"@id":"https:\/\/creativasgalegas.gal\/es\/producto\/plato-de-pulpo-pirograbado-a-mano\/#breadcrumb"},"inLanguage":"es","potentialAction":[{"@type":"ReadAction","target":["https:\/\/creativasgalegas.gal\/es\/producto\/plato-de-pulpo-pirograbado-a-mano\/"]}]},{"@type":"BreadcrumbList","@id":"https:\/\/creativasgalegas.gal\/es\/producto\/plato-de-pulpo-pirograbado-a-mano\/#breadcrumb","itemListElement":[{"@type":"ListItem","position":1,"name":"Portada","item":"https:\/\/creativasgalegas.gal\/es\/"},{"@type":"ListItem","position":2,"name":"Tienda","item":"https:\/\/creativasgalegas.gal\/es\/tienda\/"},{"@type":"ListItem","position":3,"name":"Plato de pulpo pirograbado a mano"}]},{"@type":"WebSite","@id":"https:\/\/creativasgalegas.gal\/es\/#website","url":"https:\/\/creativasgalegas.gal\/es\/","name":"Creativas Galegas","description":"Asociaci\u00f3n de creativas e artes\u00e1ns | Mercado da creatividade","publisher":{"@id":"https:\/\/creativasgalegas.gal\/es\/#organization"},"potentialAction":[{"@type":"SearchAction","target":{"@type":"EntryPoint","urlTemplate":"https:\/\/creativasgalegas.gal\/es\/?s={search_term_string}"},"query-input":"required name=search_term_string"}],"inLanguage":"es"},{"@type":"Organization","@id":"https:\/\/creativasgalegas.gal\/es\/#organization","name":"Creativas Galegas","url":"https:\/\/creativasgalegas.gal\/es\/","logo":{"@type":"ImageObject","inLanguage":"es","@id":"https:\/\/creativasgalegas.gal\/es\/#\/schema\/logo\/image\/","url":"https:\/\/creativasgalegas.gal\/wp-content\/uploads\/2023\/12\/Creativas_Galegas_Logotipo_hor_esl_Positivo.svg","contentUrl":"https:\/\/creativasgalegas.gal\/wp-content\/uploads\/2023\/12\/Creativas_Galegas_Logotipo_hor_esl_Positivo.svg","caption":"Creativas Galegas"},"image":{"@id":"https:\/\/creativasgalegas.gal\/es\/#\/schema\/logo\/image\/"}}]}},"brands":[{"id":385,"name":"SonAgasallo","slug":"sonagasallo"}],"_links":{"self":[{"href":"https:\/\/creativasgalegas.gal\/es\/wp-json\/wp\/v2\/product\/23318","targetHints":{"allow":["GET"]}}],"collection":[{"href":"https:\/\/creativasgalegas.gal\/es\/wp-json\/wp\/v2\/product"}],"about":[{"href":"https:\/\/creativasgalegas.gal\/es\/wp-json\/wp\/v2\/types\/product"}],"wp:featuredmedia":[{"embeddable":true,"href":"https:\/\/creativasgalegas.gal\/es\/wp-json\/wp\/v2\/media\/23322"}],"wp:attachment":[{"href":"https:\/\/creativasgalegas.gal\/es\/wp-json\/wp\/v2\/media?parent=23318"}],"wp:term":[{"taxonomy":"pwb-brand","embeddable":true,"href":"https:\/\/creativasgalegas.gal\/es\/wp-json\/wp\/v2\/pwb-brand?post=23318"},{"taxonomy":"product_cat","embeddable":true,"href":"https:\/\/creativasgalegas.gal\/es\/wp-json\/wp\/v2\/product_cat?post=23318"},{"taxonomy":"product_tag","embeddable":true,"href":"https:\/\/creativasgalegas.gal\/es\/wp-json\/wp\/v2\/product_tag?post=23318"}],"curies":[{"name":"wp","href":"https:\/\/api.w.org\/{rel}","templated":true}]}}