{"id":23169,"date":"2024-02-27T18:03:56","date_gmt":"2024-02-27T17:03:56","guid":{"rendered":"https:\/\/creativasgalegas.gal\/producto\/pack-xacobleas-surtido-4-variedades\/"},"modified":"2025-10-28T18:06:47","modified_gmt":"2025-10-28T17:06:47","slug":"pack-xacobleas-surtido-4-variedades","status":"publish","type":"product","link":"https:\/\/creativasgalegas.gal\/es\/producto\/pack-xacobleas-surtido-4-variedades\/","title":{"rendered":"Pack Xacobleas surtido 4 variedades"},"content":{"rendered":"<p>Productora: Pilar Alonso<\/p>\n<p>Marca: Xacobleas<\/p>\n<p>Obleas en forma de concha de vieira, y en cada una de ellas dibujos relacionados con el Camino de Santiago y la frase \u00abBuen Camino\u00bb en 11 idiomas diferentes (lat\u00edn, gallego, castellano, portugu\u00e9s, polaco, ingl\u00e9s, alem\u00e1n, turco, italiano, maor\u00ed y franc\u00e9s).<\/p>\n<p>Sirven como snack saludable, decoraci\u00f3n de postres, base de canap\u00e9s y otras elaboraciones dulces o saladas.<\/p>\n<p>Solo ingredientes naturales, endulzadas con estevia, contienen gluten. (Aptas para diab\u00e9ticos) <\/p>\n<p>CL\u00c1SICA: Oblea tradicional sin m\u00e1s ingredientes que harina de trigo y agua con un toque de estevia.<\/p>\n<p>Sabor a pan muy crujiente, y la m\u00e1s vers\u00e1til para combinar con otros ingredientes.<\/p>\n<p>COCO: Oblea de harina de trigo, coco rallado y un toque de estevia.<\/p>\n<p>Un sutil sabor a coco que combina a la perfecci\u00f3n con cualquier otra fruta o chocolate, si las comes solas no parar\u00e1s hasta terminarlas.<\/p>\n<p>Puede contener trazas de otros frutos secos.<\/p>\n<p>CAF\u00c9: Oblea de harina de trigo con caf\u00e9 descafeinado.<\/p>\n<p>Perfecta para acompa\u00f1ar con un helado de vainilla o postres con nata.<\/p>\n<p>CANELA Y JENGIBRE: Oblea de harina de trigo con canela de Ceil\u00e1n y jengibre molido.<\/p>\n<p>Una vez en la boca, notas la canela, y despu\u00e9s aparece el frescor del jengibre con su toque picante.<\/p>\n<p>Ideal para almendrados, turrones o canap\u00e9s.<\/p>\n<p>Igual que el Camino de Santiago, tienen infinitas combinaciones, si necesitas ideas te damos unas pocas en nuestro perfil de Instagram o en la web de xacobleas.es<\/p>\n","protected":false},"excerpt":{"rendered":"<p>Obleas de canela y jengibre, coco, caf\u00e9 y cl\u00e1sica<\/p>\n","protected":false},"featured_media":23176,"template":"","meta":{"inline_featured_image":false},"pwb-brand":[379],"product_cat":[559,560],"product_tag":[],"class_list":{"0":"post-23169","1":"product","2":"type-product","3":"status-publish","4":"has-post-thumbnail","6":"pwb-brand-xacobleas","7":"product_cat-despensa","8":"product_cat-dulce","9":"sales-flash-overlay","10":"woocommerce-text-align-center","11":"woocommerce-image-align-center","12":"do-quantity-buttons","13":"wc-has-gallery","15":"first","16":"outofstock","17":"taxable","18":"shipping-taxable","19":"purchasable","20":"product-type-variable"},"acf":[],"yoast_head":"<!-- This site is optimized with the Yoast SEO plugin v22.1 - https:\/\/yoast.com\/wordpress\/plugins\/seo\/ -->\n<title>Pack Xacobleas surtido 4 variedades - Creativas Galegas<\/title>\n<meta name=\"robots\" content=\"index, follow, max-snippet:-1, max-image-preview:large, max-video-preview:-1\" \/>\n<link rel=\"canonical\" href=\"https:\/\/creativasgalegas.gal\/es\/producto\/pack-xacobleas-surtido-4-variedades\/\" \/>\n<meta property=\"og:locale\" content=\"es_ES\" \/>\n<meta property=\"og:type\" content=\"article\" \/>\n<meta property=\"og:title\" content=\"Pack Xacobleas surtido 4 variedades - Creativas Galegas\" \/>\n<meta property=\"og:description\" content=\"Obleas de canela y jengibre, coco, caf\u00e9 y cl\u00e1sica\" \/>\n<meta property=\"og:url\" content=\"https:\/\/creativasgalegas.gal\/es\/producto\/pack-xacobleas-surtido-4-variedades\/\" \/>\n<meta property=\"og:site_name\" content=\"Creativas Galegas\" \/>\n<meta property=\"article:modified_time\" content=\"2025-10-28T17:06:47+00:00\" \/>\n<meta property=\"og:image\" content=\"https:\/\/creativasgalegas.gal\/wp-content\/uploads\/2024\/02\/10009F36PAKOB-1.jpg\" \/>\n\t<meta property=\"og:image:width\" content=\"1080\" \/>\n\t<meta property=\"og:image:height\" content=\"1400\" \/>\n\t<meta property=\"og:image:type\" content=\"image\/jpeg\" \/>\n<meta name=\"twitter:card\" content=\"summary_large_image\" \/>\n<meta name=\"twitter:label1\" content=\"Tiempo de lectura\" \/>\n\t<meta name=\"twitter:data1\" content=\"1 minuto\" \/>\n<script type=\"application\/ld+json\" class=\"yoast-schema-graph\">{\"@context\":\"https:\/\/schema.org\",\"@graph\":[{\"@type\":\"WebPage\",\"@id\":\"https:\/\/creativasgalegas.gal\/es\/producto\/pack-xacobleas-surtido-4-variedades\/\",\"url\":\"https:\/\/creativasgalegas.gal\/es\/producto\/pack-xacobleas-surtido-4-variedades\/\",\"name\":\"Pack Xacobleas surtido 4 variedades - Creativas Galegas\",\"isPartOf\":{\"@id\":\"https:\/\/creativasgalegas.gal\/es\/#website\"},\"datePublished\":\"2024-02-27T17:03:56+00:00\",\"dateModified\":\"2025-10-28T17:06:47+00:00\",\"breadcrumb\":{\"@id\":\"https:\/\/creativasgalegas.gal\/es\/producto\/pack-xacobleas-surtido-4-variedades\/#breadcrumb\"},\"inLanguage\":\"es\",\"potentialAction\":[{\"@type\":\"ReadAction\",\"target\":[\"https:\/\/creativasgalegas.gal\/es\/producto\/pack-xacobleas-surtido-4-variedades\/\"]}]},{\"@type\":\"BreadcrumbList\",\"@id\":\"https:\/\/creativasgalegas.gal\/es\/producto\/pack-xacobleas-surtido-4-variedades\/#breadcrumb\",\"itemListElement\":[{\"@type\":\"ListItem\",\"position\":1,\"name\":\"Portada\",\"item\":\"https:\/\/creativasgalegas.gal\/es\/\"},{\"@type\":\"ListItem\",\"position\":2,\"name\":\"Tienda\",\"item\":\"https:\/\/creativasgalegas.gal\/es\/tienda\/\"},{\"@type\":\"ListItem\",\"position\":3,\"name\":\"Pack Xacobleas surtido 4 variedades\"}]},{\"@type\":\"WebSite\",\"@id\":\"https:\/\/creativasgalegas.gal\/es\/#website\",\"url\":\"https:\/\/creativasgalegas.gal\/es\/\",\"name\":\"Creativas Galegas\",\"description\":\"Asociaci\u00f3n de creativas e artes\u00e1ns | Mercado da creatividade\",\"publisher\":{\"@id\":\"https:\/\/creativasgalegas.gal\/es\/#organization\"},\"potentialAction\":[{\"@type\":\"SearchAction\",\"target\":{\"@type\":\"EntryPoint\",\"urlTemplate\":\"https:\/\/creativasgalegas.gal\/es\/?s={search_term_string}\"},\"query-input\":\"required name=search_term_string\"}],\"inLanguage\":\"es\"},{\"@type\":\"Organization\",\"@id\":\"https:\/\/creativasgalegas.gal\/es\/#organization\",\"name\":\"Creativas Galegas\",\"url\":\"https:\/\/creativasgalegas.gal\/es\/\",\"logo\":{\"@type\":\"ImageObject\",\"inLanguage\":\"es\",\"@id\":\"https:\/\/creativasgalegas.gal\/es\/#\/schema\/logo\/image\/\",\"url\":\"https:\/\/creativasgalegas.gal\/wp-content\/uploads\/2023\/12\/Creativas_Galegas_Logotipo_hor_esl_Positivo.svg\",\"contentUrl\":\"https:\/\/creativasgalegas.gal\/wp-content\/uploads\/2023\/12\/Creativas_Galegas_Logotipo_hor_esl_Positivo.svg\",\"caption\":\"Creativas Galegas\"},\"image\":{\"@id\":\"https:\/\/creativasgalegas.gal\/es\/#\/schema\/logo\/image\/\"}}]}<\/script>\n<!-- \/ Yoast SEO plugin. -->","yoast_head_json":{"title":"Pack Xacobleas surtido 4 variedades - Creativas Galegas","robots":{"index":"index","follow":"follow","max-snippet":"max-snippet:-1","max-image-preview":"max-image-preview:large","max-video-preview":"max-video-preview:-1"},"canonical":"https:\/\/creativasgalegas.gal\/es\/producto\/pack-xacobleas-surtido-4-variedades\/","og_locale":"es_ES","og_type":"article","og_title":"Pack Xacobleas surtido 4 variedades - Creativas Galegas","og_description":"Obleas de canela y jengibre, coco, caf\u00e9 y cl\u00e1sica","og_url":"https:\/\/creativasgalegas.gal\/es\/producto\/pack-xacobleas-surtido-4-variedades\/","og_site_name":"Creativas Galegas","article_modified_time":"2025-10-28T17:06:47+00:00","og_image":[{"width":1080,"height":1400,"url":"https:\/\/creativasgalegas.gal\/wp-content\/uploads\/2024\/02\/10009F36PAKOB-1.jpg","type":"image\/jpeg"}],"twitter_card":"summary_large_image","twitter_misc":{"Tiempo de lectura":"1 minuto"},"schema":{"@context":"https:\/\/schema.org","@graph":[{"@type":"WebPage","@id":"https:\/\/creativasgalegas.gal\/es\/producto\/pack-xacobleas-surtido-4-variedades\/","url":"https:\/\/creativasgalegas.gal\/es\/producto\/pack-xacobleas-surtido-4-variedades\/","name":"Pack Xacobleas surtido 4 variedades - Creativas Galegas","isPartOf":{"@id":"https:\/\/creativasgalegas.gal\/es\/#website"},"datePublished":"2024-02-27T17:03:56+00:00","dateModified":"2025-10-28T17:06:47+00:00","breadcrumb":{"@id":"https:\/\/creativasgalegas.gal\/es\/producto\/pack-xacobleas-surtido-4-variedades\/#breadcrumb"},"inLanguage":"es","potentialAction":[{"@type":"ReadAction","target":["https:\/\/creativasgalegas.gal\/es\/producto\/pack-xacobleas-surtido-4-variedades\/"]}]},{"@type":"BreadcrumbList","@id":"https:\/\/creativasgalegas.gal\/es\/producto\/pack-xacobleas-surtido-4-variedades\/#breadcrumb","itemListElement":[{"@type":"ListItem","position":1,"name":"Portada","item":"https:\/\/creativasgalegas.gal\/es\/"},{"@type":"ListItem","position":2,"name":"Tienda","item":"https:\/\/creativasgalegas.gal\/es\/tienda\/"},{"@type":"ListItem","position":3,"name":"Pack Xacobleas surtido 4 variedades"}]},{"@type":"WebSite","@id":"https:\/\/creativasgalegas.gal\/es\/#website","url":"https:\/\/creativasgalegas.gal\/es\/","name":"Creativas Galegas","description":"Asociaci\u00f3n de creativas e artes\u00e1ns | Mercado da creatividade","publisher":{"@id":"https:\/\/creativasgalegas.gal\/es\/#organization"},"potentialAction":[{"@type":"SearchAction","target":{"@type":"EntryPoint","urlTemplate":"https:\/\/creativasgalegas.gal\/es\/?s={search_term_string}"},"query-input":"required name=search_term_string"}],"inLanguage":"es"},{"@type":"Organization","@id":"https:\/\/creativasgalegas.gal\/es\/#organization","name":"Creativas Galegas","url":"https:\/\/creativasgalegas.gal\/es\/","logo":{"@type":"ImageObject","inLanguage":"es","@id":"https:\/\/creativasgalegas.gal\/es\/#\/schema\/logo\/image\/","url":"https:\/\/creativasgalegas.gal\/wp-content\/uploads\/2023\/12\/Creativas_Galegas_Logotipo_hor_esl_Positivo.svg","contentUrl":"https:\/\/creativasgalegas.gal\/wp-content\/uploads\/2023\/12\/Creativas_Galegas_Logotipo_hor_esl_Positivo.svg","caption":"Creativas Galegas"},"image":{"@id":"https:\/\/creativasgalegas.gal\/es\/#\/schema\/logo\/image\/"}}]}},"brands":[{"id":379,"name":"Xacobleas","slug":"xacobleas"}],"_links":{"self":[{"href":"https:\/\/creativasgalegas.gal\/es\/wp-json\/wp\/v2\/product\/23169","targetHints":{"allow":["GET"]}}],"collection":[{"href":"https:\/\/creativasgalegas.gal\/es\/wp-json\/wp\/v2\/product"}],"about":[{"href":"https:\/\/creativasgalegas.gal\/es\/wp-json\/wp\/v2\/types\/product"}],"wp:featuredmedia":[{"embeddable":true,"href":"https:\/\/creativasgalegas.gal\/es\/wp-json\/wp\/v2\/media\/23176"}],"wp:attachment":[{"href":"https:\/\/creativasgalegas.gal\/es\/wp-json\/wp\/v2\/media?parent=23169"}],"wp:term":[{"taxonomy":"pwb-brand","embeddable":true,"href":"https:\/\/creativasgalegas.gal\/es\/wp-json\/wp\/v2\/pwb-brand?post=23169"},{"taxonomy":"product_cat","embeddable":true,"href":"https:\/\/creativasgalegas.gal\/es\/wp-json\/wp\/v2\/product_cat?post=23169"},{"taxonomy":"product_tag","embeddable":true,"href":"https:\/\/creativasgalegas.gal\/es\/wp-json\/wp\/v2\/product_tag?post=23169"}],"curies":[{"name":"wp","href":"https:\/\/api.w.org\/{rel}","templated":true}]}}